{"id":22896,"date":"2025-09-06T08:42:17","date_gmt":"2025-09-06T08:42:17","guid":{"rendered":"https:\/\/topholds.com\/oferta\/okategoriserad\/paket-med-klattergrepp-minta-l4\/"},"modified":"2025-09-18T03:04:52","modified_gmt":"2025-09-18T03:04:52","slug":"paket-med-klattergrepp-minta-l4","status":"publish","type":"product","link":"https:\/\/topholds.com\/sv\/erbjudande\/klattringrepp\/paket-med-klattergrepp-minta-l4\/","title":{"rendered":"Paket med Kl\u00e4ttergrepp Minta L4"},"content":{"rendered":"<p><strong>Minta L4 \u00e4r ett paket med 4 kl\u00e4ttergrepp<\/strong> med sandstensstruktur som utm\u00e4rker sig f\u00f6r sin m\u00e5ngsidighet och f\u00f6rm\u00e5ga att erbjuda flera greppm\u00f6jligheter.<\/p>\n<p>Genom att vrida p\u00e5 dessa grepp kan du <strong>f\u00e5 olika grepp runt om<\/strong>, vilket g\u00f6r att de kan anpassas till olika sv\u00e5righetsniv\u00e5er och utmaningar.<\/p>\n<p>F\u00f6r att garantera en stadig och h\u00e5llbar installation rekommenderas <strong>att anv\u00e4nda Allen Skruvar M10x40 eller M8x40<\/strong>.<\/p>\n<p>Varje <em>grepp fr\u00e5n partiet Minta L4<\/em> har ett <strong>extra h\u00e5l f\u00f6r v\u00e4ggankare f\u00f6r tegel eller betong<\/strong> f\u00f6r att s\u00e4kerst\u00e4lla b\u00e4ttre stabilitet och s\u00e4kerhet under anv\u00e4ndning.<\/p>\n<p>T\u00e4nk p\u00e5 att produktens f\u00e4rger kan skilja sig fr\u00e5n bilden som visas. Om du vill ha en s\u00e4rskild f\u00e4rg, tveka inte att kontakta oss.<\/p>\n","protected":false},"excerpt":{"rendered":"<ul>\n<li>Minta L4 \u00e4r en samling av 4 kl\u00e4ttergrepp.<\/li>\n<li>Sandstensstruktur.<\/li>\n<li>Mycket m\u00e5ngsidiga kl\u00e4ttergrepp, genom att vrida p\u00e5 dem f\u00e5r vi olika grepp.<\/li>\n<li>Alla med h\u00e5l f\u00f6r Allen Skruv f\u00f6r att f\u00f6rhindra rotation.<\/li>\n<\/ul>\n","protected":false},"featured_media":22789,"comment_status":"open","ping_status":"closed","template":"","meta":[],"product_brand":[],"product_cat":[425],"product_tag":[],"class_list":{"0":"post-22896","1":"product","2":"type-product","3":"status-publish","4":"has-post-thumbnail","6":"product_cat-klattringrepp","8":"first","9":"instock","10":"taxable","11":"shipping-taxable","12":"purchasable","13":"product-type-simple"},"_links":{"self":[{"href":"https:\/\/topholds.com\/sv\/wp-json\/wp\/v2\/product\/22896","targetHints":{"allow":["GET"]}}],"collection":[{"href":"https:\/\/topholds.com\/sv\/wp-json\/wp\/v2\/product"}],"about":[{"href":"https:\/\/topholds.com\/sv\/wp-json\/wp\/v2\/types\/product"}],"replies":[{"embeddable":true,"href":"https:\/\/topholds.com\/sv\/wp-json\/wp\/v2\/comments?post=22896"}],"wp:featuredmedia":[{"embeddable":true,"href":"https:\/\/topholds.com\/sv\/wp-json\/wp\/v2\/media\/22789"}],"wp:attachment":[{"href":"https:\/\/topholds.com\/sv\/wp-json\/wp\/v2\/media?parent=22896"}],"wp:term":[{"taxonomy":"product_brand","embeddable":true,"href":"https:\/\/topholds.com\/sv\/wp-json\/wp\/v2\/product_brand?post=22896"},{"taxonomy":"product_cat","embeddable":true,"href":"https:\/\/topholds.com\/sv\/wp-json\/wp\/v2\/product_cat?post=22896"},{"taxonomy":"product_tag","embeddable":true,"href":"https:\/\/topholds.com\/sv\/wp-json\/wp\/v2\/product_tag?post=22896"}],"curies":[{"name":"wp","href":"https:\/\/api.w.org\/{rel}","templated":true}]}}