{"id":22911,"date":"2025-05-28T17:57:36","date_gmt":"2025-05-28T17:57:36","guid":{"rendered":"https:\/\/topholds.com\/oferta\/okategoriserad\/hinderbana-upphangningar-low-grips-2\/"},"modified":"2025-09-18T03:06:33","modified_gmt":"2025-09-18T03:06:33","slug":"hinderbana-upphangningar-low-grips-2","status":"publish","type":"product","link":"https:\/\/topholds.com\/sv\/erbjudande\/hinderbana\/traning\/upphangningar\/hinderbana-upphangningar-low-grips-2\/","title":{"rendered":"Hinderbana Upph\u00e4ngningar Low Grips 2"},"content":{"rendered":"<p><strong>Low Grips<\/strong> <strong>2<\/strong> \u00e4r ett m\u00e5ngsidigt <strong>hinderbana Upph\u00e4ngningar<\/strong> element tack vare variationen av kl\u00e4ttergrepp ; ett mycket utmanande l\u00e5gt grepp , ett mellanl\u00e4ge p\u00e5 sidorna och ett mycket l\u00e4tt grepp p\u00e5 ovansidan .<\/p>\n<p>Det \u00e4r designat f\u00f6r att tr\u00e4na pincettgrepp.<\/p>\n<p>Det l\u00e5ga greppet utf\u00f6rs fr\u00e5n botten till toppen och h\u00e4nger s\u00e5ledes endast genom tummens motst\u00e5nd mot de \u00f6vriga fingrarna .<\/p>\n<p>Det \u00e4r avsett f\u00f6r styrketr\u00e4ning i statiskt l\u00e4ge p\u00e5 tv\u00e5 grepp p\u00e5 grund av dess komplexitet, men resten av greppen till\u00e5ter dynamiska steg och kombinationer .<\/p>\n<p>M\u00e5let med detta grepp \u00e4r att tillf\u00f6ra v\u00e5ra tr\u00e4ningspass i kl\u00e4ttring och OCR ett av de mest komplexa pincetgreppen som finns och forts\u00e4tta att bidra till att f\u00f6rb\u00e4ttra v\u00e5ra fingers styrka tack vare kvaliteten och m\u00e5ngsidigheten hos v\u00e5ra delar .<\/p>\n<p>F\u00e4rgerna p\u00e5 Low Grips kan variera j\u00e4mf\u00f6rt med bilden. Om du vill v\u00e4lja en specifik f\u00e4rg, kontakta oss .<\/p>\n<p>Denna m\u00e5ngsidiga upph\u00e4ngning h\u00e4ngs enkelt p\u00e5 en pull-up st\u00e5ng , i parken eller p\u00e5 en gren, vilket m\u00f6jligg\u00f6r en m\u00e4ngd olika \u00f6vningar var som helst .<\/p>\n<p>Det \u00e4r <strong>ett utm\u00e4rkt grepp f\u00f6r att f\u00f6rb\u00e4ttra din styrka och uth\u00e5llighet i kl\u00e4ttring<\/strong>, OCR, calisthenics, ninjautmaningar och Crossfit.\u00a0 Vill du prova?<\/p>\n","protected":false},"excerpt":{"rendered":"<ul>\n<li>Mycket m\u00e5ngsidig upph\u00e4ngning, utformad f\u00f6r att tr\u00e4na kl\u00e4mgrepp.<\/li>\n<li>F\u00f6rb\u00e4ttrar fingerstyrkan.<\/li>\n<li>Sl\u00e4t men mycket greppv\u00e4nlig textur.<\/li>\n<li>Verktyg f\u00f6r v\u00e5ra tr\u00e4ningar i kl\u00e4ttring, OCR, calisthenics, ninja-utmaningar och Crossfit.<\/li>\n<\/ul>\n","protected":false},"featured_media":22388,"comment_status":"open","ping_status":"closed","template":"","meta":[],"product_brand":[],"product_cat":[416,515,517],"product_tag":[],"class_list":{"0":"post-22911","1":"product","2":"type-product","3":"status-publish","4":"has-post-thumbnail","6":"product_cat-hinderbana","7":"product_cat-traning","8":"product_cat-upphangningar","10":"first","11":"instock","12":"taxable","13":"shipping-taxable","14":"purchasable","15":"product-type-simple"},"_links":{"self":[{"href":"https:\/\/topholds.com\/sv\/wp-json\/wp\/v2\/product\/22911","targetHints":{"allow":["GET"]}}],"collection":[{"href":"https:\/\/topholds.com\/sv\/wp-json\/wp\/v2\/product"}],"about":[{"href":"https:\/\/topholds.com\/sv\/wp-json\/wp\/v2\/types\/product"}],"replies":[{"embeddable":true,"href":"https:\/\/topholds.com\/sv\/wp-json\/wp\/v2\/comments?post=22911"}],"wp:featuredmedia":[{"embeddable":true,"href":"https:\/\/topholds.com\/sv\/wp-json\/wp\/v2\/media\/22388"}],"wp:attachment":[{"href":"https:\/\/topholds.com\/sv\/wp-json\/wp\/v2\/media?parent=22911"}],"wp:term":[{"taxonomy":"product_brand","embeddable":true,"href":"https:\/\/topholds.com\/sv\/wp-json\/wp\/v2\/product_brand?post=22911"},{"taxonomy":"product_cat","embeddable":true,"href":"https:\/\/topholds.com\/sv\/wp-json\/wp\/v2\/product_cat?post=22911"},{"taxonomy":"product_tag","embeddable":true,"href":"https:\/\/topholds.com\/sv\/wp-json\/wp\/v2\/product_tag?post=22911"}],"curies":[{"name":"wp","href":"https:\/\/api.w.org\/{rel}","templated":true}]}}