{"id":22917,"date":"2025-06-05T11:44:27","date_gmt":"2025-06-05T11:44:27","guid":{"rendered":"https:\/\/topholds.com\/oferta\/okategoriserad\/hinderbana-upphangningar-danger-extreme\/"},"modified":"2026-04-01T20:41:07","modified_gmt":"2026-04-01T20:41:07","slug":"hinderbana-upphangningar-danger-extreme","status":"publish","type":"product","link":"https:\/\/topholds.com\/sv\/erbjudande\/hinderbana\/traning\/upphangningar\/hinderbana-upphangningar-danger-extreme\/","title":{"rendered":"Hinderbana Upph\u00e4ngningar Danger Extreme"},"content":{"rendered":"<div><strong>Danger Extreme <\/strong>. Det nya greppet som kommer att f\u00f6r\u00e4ndra din tr\u00e4ning och g\u00f6ra varje utmaning rolig!<\/div>\n<div>Designad f\u00f6r att kr\u00e4va det b\u00e4sta av dig, \u00e4r detta nya TopHolds ett m\u00e5ste f\u00f6r att ta din styrka och uth\u00e5llighet till n\u00e4sta niv\u00e5.<\/div>\n<div>Tack vare dess perfekta ergonomi och dess mjuka men greppv\u00e4nliga textur ger den maximal s\u00e4kerhet och komfort, vilket minskar risken f\u00f6r skador.<\/div>\n<div><\/div>\n<div>Rundad grepp mellan krok och kopp.<\/div>\n<div><\/div>\n<div>Det \u00e4r inte bara ett hinder, det \u00e4r ren adrenalin och n\u00f6je i varje tr\u00e4ning.<\/div>\n<div><\/div>\n<div>Oumb\u00e4rlig f\u00f6r <strong>hinderbana OCR<\/strong>, kl\u00e4ttring och calisthenics.<\/div>\n<div>Tr\u00e4na, \u00f6vertr\u00e4ffa dig sj\u00e4lv och ha roligt som aldrig f\u00f6rr. Domina och krossa dina gr\u00e4nser!<\/div>\n<p>F\u00e4rgerna p\u00e5 <strong>Danger Extreme<\/strong> kan variera j\u00e4mf\u00f6rt med bilden. Om du vill v\u00e4lja en specifik f\u00e4rg, kontakta oss.<\/p>\n<p>Detta m\u00e5ngsidiga upph\u00e4ngningsanordning h\u00e4ngs enkelt p\u00e5 en pull-up st\u00e5ng, i parken eller p\u00e5 en gren, vilket m\u00f6jligg\u00f6r ett brett utbud av \u00f6vningar var som helst.<\/p>\n<p>Maximera potentialen av <em><strong>Danger Extreme<\/strong> upph\u00e4ngning<\/em> genom att koppla ihop den med andra vertikalt, och skapa unika utmaningar anpassade efter dina behov. Dess noggrant utarbetade design l\u00e5ter dig utnyttja din tr\u00e4ning maximalt, utan att beh\u00f6va mycket utrymme f\u00f6r att g\u00f6ra kombinationer av vilken l\u00e4ngd som helst.<\/p>\n","protected":false},"excerpt":{"rendered":"<ul>\n<li>Upph\u00e4ngning med rundat grepp, mellan en reglet och en kopp.<\/li>\n<li>En perfekt ergonomi som f\u00f6rhindrar skador och \u00f6kar din styrka.<\/li>\n<li>Sl\u00e4t men mycket greppv\u00e4nlig textur.<\/li>\n<li>Verktyg som \u00e4r oumb\u00e4rligt f\u00f6r v\u00e5ra tr\u00e4ningar i kl\u00e4ttring, OCR, ninja-utmaningar och Crossfit.<\/li>\n<\/ul>\n","protected":false},"featured_media":22415,"comment_status":"open","ping_status":"closed","template":"","meta":[],"product_brand":[],"product_cat":[416,515,517],"product_tag":[],"class_list":{"0":"post-22917","1":"product","2":"type-product","3":"status-publish","4":"has-post-thumbnail","6":"product_cat-hinderbana","7":"product_cat-traning","8":"product_cat-upphangningar","10":"first","11":"instock","12":"sale","13":"taxable","14":"shipping-taxable","15":"purchasable","16":"product-type-simple"},"_links":{"self":[{"href":"https:\/\/topholds.com\/sv\/wp-json\/wp\/v2\/product\/22917","targetHints":{"allow":["GET"]}}],"collection":[{"href":"https:\/\/topholds.com\/sv\/wp-json\/wp\/v2\/product"}],"about":[{"href":"https:\/\/topholds.com\/sv\/wp-json\/wp\/v2\/types\/product"}],"replies":[{"embeddable":true,"href":"https:\/\/topholds.com\/sv\/wp-json\/wp\/v2\/comments?post=22917"}],"wp:featuredmedia":[{"embeddable":true,"href":"https:\/\/topholds.com\/sv\/wp-json\/wp\/v2\/media\/22415"}],"wp:attachment":[{"href":"https:\/\/topholds.com\/sv\/wp-json\/wp\/v2\/media?parent=22917"}],"wp:term":[{"taxonomy":"product_brand","embeddable":true,"href":"https:\/\/topholds.com\/sv\/wp-json\/wp\/v2\/product_brand?post=22917"},{"taxonomy":"product_cat","embeddable":true,"href":"https:\/\/topholds.com\/sv\/wp-json\/wp\/v2\/product_cat?post=22917"},{"taxonomy":"product_tag","embeddable":true,"href":"https:\/\/topholds.com\/sv\/wp-json\/wp\/v2\/product_tag?post=22917"}],"curies":[{"name":"wp","href":"https:\/\/api.w.org\/{rel}","templated":true}]}}