{"id":22922,"date":"2024-06-25T17:30:00","date_gmt":"2024-06-25T17:30:00","guid":{"rendered":"https:\/\/topholds.com\/oferta\/okategoriserad\/hinderbana-upphangningar-pirate-grips\/"},"modified":"2025-09-18T03:13:31","modified_gmt":"2025-09-18T03:13:31","slug":"hinderbana-upphangningar-pirate-grips","status":"publish","type":"product","link":"https:\/\/topholds.com\/sv\/erbjudande\/hinderbana\/traning\/upphangningar\/hinderbana-upphangningar-pirate-grips\/","title":{"rendered":"Hinderbana Upph\u00e4ngningar Pirate Grips"},"content":{"rendered":"<p><strong>Pirate Grips \u00e4r ett grepp f\u00f6r upph\u00e4ngningar och drag\u00f6vningar<\/strong> som f\u00e5r dig att svettas och ha roligt samtidigt. Med dem kan du tr\u00e4na styrka, uth\u00e5llighet och koordination p\u00e5 ett varierat och roligt s\u00e4tt.<\/p>\n<p>Du kan greppa dem med en hand ovanifr\u00e5n eller med tv\u00e5 h\u00e4nder fr\u00e5n sidorna, beroende p\u00e5 vilken sv\u00e5righetsgrad du vill ha. Deras textur \u00e4r mjuk men klibbig <strong>perfekt f\u00f6r att tr\u00e4na OCR, kl\u00e4ttring, calisthenics eller crossfit<\/strong>. Dessutom \u00e4r de mycket l\u00e4tta och enkla att h\u00e4nga upp var som helst med en enkel \u00f6gla.<\/p>\n<p>F\u00e4rgerna kanske inte \u00e4r de p\u00e5 bilden (kontakta oss om du vill ha en speciell).<\/p>\n","protected":false},"excerpt":{"rendered":"<ul>\n<li>Pirate Grips \u00e4r ett element f\u00f6r h\u00e4ngningar\/drag.<\/li>\n<li>Perfekt f\u00f6r att tr\u00e4na styrka, uth\u00e5llighet och koordinering.<\/li>\n<li>Mjuk men klibbig textur.<\/li>\n<\/ul>\n","protected":false},"featured_media":16066,"comment_status":"open","ping_status":"closed","template":"","meta":[],"product_brand":[],"product_cat":[416,515,517],"product_tag":[],"class_list":{"0":"post-22922","1":"product","2":"type-product","3":"status-publish","4":"has-post-thumbnail","6":"product_cat-hinderbana","7":"product_cat-traning","8":"product_cat-upphangningar","10":"first","11":"instock","12":"taxable","13":"shipping-taxable","14":"purchasable","15":"product-type-simple"},"_links":{"self":[{"href":"https:\/\/topholds.com\/sv\/wp-json\/wp\/v2\/product\/22922","targetHints":{"allow":["GET"]}}],"collection":[{"href":"https:\/\/topholds.com\/sv\/wp-json\/wp\/v2\/product"}],"about":[{"href":"https:\/\/topholds.com\/sv\/wp-json\/wp\/v2\/types\/product"}],"replies":[{"embeddable":true,"href":"https:\/\/topholds.com\/sv\/wp-json\/wp\/v2\/comments?post=22922"}],"wp:featuredmedia":[{"embeddable":true,"href":"https:\/\/topholds.com\/sv\/wp-json\/wp\/v2\/media\/16066"}],"wp:attachment":[{"href":"https:\/\/topholds.com\/sv\/wp-json\/wp\/v2\/media?parent=22922"}],"wp:term":[{"taxonomy":"product_brand","embeddable":true,"href":"https:\/\/topholds.com\/sv\/wp-json\/wp\/v2\/product_brand?post=22922"},{"taxonomy":"product_cat","embeddable":true,"href":"https:\/\/topholds.com\/sv\/wp-json\/wp\/v2\/product_cat?post=22922"},{"taxonomy":"product_tag","embeddable":true,"href":"https:\/\/topholds.com\/sv\/wp-json\/wp\/v2\/product_tag?post=22922"}],"curies":[{"name":"wp","href":"https:\/\/api.w.org\/{rel}","templated":true}]}}