{"id":22935,"date":"2024-03-19T15:33:02","date_gmt":"2024-03-19T15:33:02","guid":{"rendered":"https:\/\/topholds.com\/oferta\/okategoriserad\/boomerang\/"},"modified":"2025-09-18T03:16:06","modified_gmt":"2025-09-18T03:16:06","slug":"boomerang","status":"publish","type":"product","link":"https:\/\/topholds.com\/sv\/erbjudande\/hinderbana\/traning\/upphangningar\/boomerang\/","title":{"rendered":"Boomerang"},"content":{"rendered":"<p><strong>Boomerang<\/strong> \u00e4r en hj\u00e4lpmedelsupph\u00e4ngning f\u00f6r <strong>hinderbana OCR<\/strong> som \u00e4r utformad f\u00f6r att du ska kunna h\u00e4nga och f\u00e4sta dina TopHolds och d\u00e4rigenom \u00f6ka dina tr\u00e4ningsm\u00f6jligheter.<\/p>\n<p>F\u00f6rb\u00e4ttra <strong>din styrka och uth\u00e5llighet i kl\u00e4ttring<\/strong>, OCR, ninjautmaningar och Crossfit.<\/p>\n<p>Tillverkad i rostfritt st\u00e5l.<\/p>\n<p>Denna m\u00e5ngsidiga upph\u00e4ngning h\u00e4ngs enkelt p\u00e5 en pull-up st\u00e5ng, i parken eller p\u00e5 en gren, vilket m\u00f6jligg\u00f6r ett brett utbud av \u00f6vningar var du \u00e4n \u00e4r.<\/p>\n<p><strong><em>Boomerang<\/em><\/strong> \u00e4r ett utm\u00e4rkt verktyg f\u00f6r <strong>OCR tr\u00e4ning, calisthenics, ninjautmaningar, kl\u00e4ttring, Crossfit, gymnastik<\/strong> och mycket mer. Dessutom ger det inte bara effektiv tr\u00e4ning utan ocks\u00e5 mycket n\u00f6je. V\u00e5gar du prova?<\/p>\n<p>Priset g\u00e4ller f\u00f6r <strong>rostfritt st\u00e5l boomerang<\/strong> med dess sn\u00f6re och en karbinhake med s\u00e4kerhetsl\u00e5s.<\/p>\n","protected":false},"excerpt":{"rendered":"<ul>\n<li>F\u00e4ste f\u00f6r <strong>Hinderbana Upph\u00e4ngningar<\/strong> som \u00e4r utformat f\u00f6r att du ska kunna h\u00e4nga och f\u00e4sta dina TopHolds och d\u00e4rigenom \u00f6ka dina tr\u00e4ningsm\u00f6jligheter..<\/li>\n<li>Tillverkat av rostfritt st\u00e5l.<\/li>\n<li>Ett fantastiskt verktyg f\u00f6r v\u00e5ra tr\u00e4ningar i kl\u00e4ttring, OCR, ninja-utmaningar och Crossfit.<\/li>\n<\/ul>\n","protected":false},"featured_media":15553,"comment_status":"open","ping_status":"closed","template":"","meta":[],"product_brand":[],"product_cat":[416,515,517],"product_tag":[],"class_list":{"0":"post-22935","1":"product","2":"type-product","3":"status-publish","4":"has-post-thumbnail","6":"product_cat-hinderbana","7":"product_cat-traning","8":"product_cat-upphangningar","10":"first","11":"instock","12":"sale","13":"featured","14":"taxable","15":"shipping-taxable","16":"purchasable","17":"product-type-simple"},"_links":{"self":[{"href":"https:\/\/topholds.com\/sv\/wp-json\/wp\/v2\/product\/22935","targetHints":{"allow":["GET"]}}],"collection":[{"href":"https:\/\/topholds.com\/sv\/wp-json\/wp\/v2\/product"}],"about":[{"href":"https:\/\/topholds.com\/sv\/wp-json\/wp\/v2\/types\/product"}],"replies":[{"embeddable":true,"href":"https:\/\/topholds.com\/sv\/wp-json\/wp\/v2\/comments?post=22935"}],"wp:featuredmedia":[{"embeddable":true,"href":"https:\/\/topholds.com\/sv\/wp-json\/wp\/v2\/media\/15553"}],"wp:attachment":[{"href":"https:\/\/topholds.com\/sv\/wp-json\/wp\/v2\/media?parent=22935"}],"wp:term":[{"taxonomy":"product_brand","embeddable":true,"href":"https:\/\/topholds.com\/sv\/wp-json\/wp\/v2\/product_brand?post=22935"},{"taxonomy":"product_cat","embeddable":true,"href":"https:\/\/topholds.com\/sv\/wp-json\/wp\/v2\/product_cat?post=22935"},{"taxonomy":"product_tag","embeddable":true,"href":"https:\/\/topholds.com\/sv\/wp-json\/wp\/v2\/product_tag?post=22935"}],"curies":[{"name":"wp","href":"https:\/\/api.w.org\/{rel}","templated":true}]}}