{"id":23277,"date":"2023-07-19T12:14:19","date_gmt":"2023-07-19T12:14:19","guid":{"rendered":"https:\/\/topholds.com\/oferta\/okategoriserad\/hinderbana-grepp-medieval\/"},"modified":"2026-01-14T17:14:25","modified_gmt":"2026-01-14T17:14:25","slug":"hinderbana-grepp-medieval","status":"publish","type":"product","link":"https:\/\/topholds.com\/sv\/erbjudande\/hinderbana\/traning\/grepp\/hinderbana-grepp-medieval\/","title":{"rendered":"Hinderbana Grepp Medieval"},"content":{"rendered":"","protected":false},"excerpt":{"rendered":"<p>Medieval \u00e4r ett kl\u00e4ttergrepp med mjuk sandstensliknande textur.<\/p>\n<p>Greppet har en stor sk\u00e5l, mycket bekv\u00e4mt f\u00f6r en eller tv\u00e5 h\u00e4nder. Perfekt f\u00f6r alla typer av \u00f6verh\u00e4ng och tak<\/p>\n<p>Fixeras med 4 v\u00e4ggankare f\u00f6r tegel eller betong<\/p>\n<p>F\u00e4rgerna kan skilja sig fr\u00e5n bilden. Om du vill ha en speciell f\u00e4rg, kontakta oss g\u00e4rna.<\/p>\n","protected":false},"featured_media":23278,"comment_status":"open","ping_status":"closed","template":"","meta":[],"product_brand":[],"product_cat":[416,518,515,425],"product_tag":[],"class_list":{"0":"post-23277","1":"product","2":"type-product","3":"status-publish","4":"has-post-thumbnail","6":"product_cat-hinderbana","7":"product_cat-grepp","8":"product_cat-traning","9":"product_cat-klattringrepp","11":"first","12":"instock","13":"taxable","14":"shipping-taxable","15":"purchasable","16":"product-type-simple"},"_links":{"self":[{"href":"https:\/\/topholds.com\/sv\/wp-json\/wp\/v2\/product\/23277","targetHints":{"allow":["GET"]}}],"collection":[{"href":"https:\/\/topholds.com\/sv\/wp-json\/wp\/v2\/product"}],"about":[{"href":"https:\/\/topholds.com\/sv\/wp-json\/wp\/v2\/types\/product"}],"replies":[{"embeddable":true,"href":"https:\/\/topholds.com\/sv\/wp-json\/wp\/v2\/comments?post=23277"}],"wp:featuredmedia":[{"embeddable":true,"href":"https:\/\/topholds.com\/sv\/wp-json\/wp\/v2\/media\/23278"}],"wp:attachment":[{"href":"https:\/\/topholds.com\/sv\/wp-json\/wp\/v2\/media?parent=23277"}],"wp:term":[{"taxonomy":"product_brand","embeddable":true,"href":"https:\/\/topholds.com\/sv\/wp-json\/wp\/v2\/product_brand?post=23277"},{"taxonomy":"product_cat","embeddable":true,"href":"https:\/\/topholds.com\/sv\/wp-json\/wp\/v2\/product_cat?post=23277"},{"taxonomy":"product_tag","embeddable":true,"href":"https:\/\/topholds.com\/sv\/wp-json\/wp\/v2\/product_tag?post=23277"}],"curies":[{"name":"wp","href":"https:\/\/api.w.org\/{rel}","templated":true}]}}