{"id":23546,"date":"2026-03-27T13:57:19","date_gmt":"2026-03-27T13:57:19","guid":{"rendered":"https:\/\/topholds.com\/oferta\/okategoriserad\/small-poseidon\/"},"modified":"2026-04-01T20:41:07","modified_gmt":"2026-04-01T20:41:07","slug":"small-poseidon","status":"publish","type":"product","link":"https:\/\/topholds.com\/sv\/erbjudande\/hinderbana\/traning\/upphangningar\/small-poseidon\/","title":{"rendered":"Small Poseidon"},"content":{"rendered":"<p><strong>Small Poseidon<\/strong> \u00e4r ett element av <strong>Hinderbana Upph\u00e4ngningar<\/strong> som \u00e4r utformat f\u00f6r att f\u00f6rb\u00e4ttra din fingerstyrka och greppkraft i dina h\u00e4nder.<\/p>\n<p>Du kan greppa det enkelt fr\u00e5n \u00f6vre delen eller utmana dig sj\u00e4lv med sidgreppen p\u00e5 sidorna med en eller tv\u00e5 h\u00e4nder.<\/p>\n<p><strong>ett grepp f\u00f6r att f\u00f6rb\u00e4ttra din styrka och uth\u00e5llighet i kl\u00e4ttring<\/strong>, Hinderbana Tr\u00e4ning, ninjautmaningar och Crossfit.<\/p>\n<p>F\u00e4rgerna p\u00e5 Small Poseidon kan variera j\u00e4mf\u00f6rt med bilden. Om du vill v\u00e4lja en specifik f\u00e4rg, kontakta oss.<\/p>\n<p>Denna m\u00e5ngsidiga upph\u00e4ngning h\u00e4nger enkelt p\u00e5 en pull-up-st\u00e5ng, i parken eller p\u00e5 en gren, vilket g\u00f6r det m\u00f6jligt att utf\u00f6ra en bred variation av \u00f6vningar var som helst. Monteringen med s\u00e4kerhetsl\u00e5s inkluderat.<\/p>\n<p><strong><em>Small Poseidon<\/em><\/strong> \u00e4r ett utm\u00e4rkt verktyg f\u00f6r <strong>Hinderbana Tr\u00e4ning, kalistenik, ninjautmaningar, kl\u00e4ttring, Crossfit, gymnastik<\/strong> och mycket mer. Dessutom ger det inte bara effektiv tr\u00e4ning utan ocks\u00e5 mycket roligt. V\u00e5gar du prova det?<\/p>\n","protected":false},"excerpt":{"rendered":"<ul>\n<li>Hinderbana Upph\u00e4ngningar med sidogrepp<\/li>\n<li>En perfekt ergonomi f\u00f6r ett grepp med en eller tv\u00e5 h\u00e4nder.<\/li>\n<li>Mjuk textur men mycket greppfast.<\/li>\n<li>Ett brutalt verktyg f\u00f6r v\u00e5ra Tr\u00e4ningskl\u00e4ttergrepp, Hinderbana Tr\u00e4ning, Ninja-utmaningar och Crossfit.<\/li>\n<\/ul>\n","protected":false},"featured_media":23527,"comment_status":"open","ping_status":"closed","template":"","meta":[],"product_brand":[],"product_cat":[416,515,517],"product_tag":[],"class_list":{"0":"post-23546","1":"product","2":"type-product","3":"status-publish","4":"has-post-thumbnail","6":"product_cat-hinderbana","7":"product_cat-traning","8":"product_cat-upphangningar","10":"first","11":"instock","12":"sale","13":"taxable","14":"shipping-taxable","15":"purchasable","16":"product-type-simple"},"_links":{"self":[{"href":"https:\/\/topholds.com\/sv\/wp-json\/wp\/v2\/product\/23546","targetHints":{"allow":["GET"]}}],"collection":[{"href":"https:\/\/topholds.com\/sv\/wp-json\/wp\/v2\/product"}],"about":[{"href":"https:\/\/topholds.com\/sv\/wp-json\/wp\/v2\/types\/product"}],"replies":[{"embeddable":true,"href":"https:\/\/topholds.com\/sv\/wp-json\/wp\/v2\/comments?post=23546"}],"wp:featuredmedia":[{"embeddable":true,"href":"https:\/\/topholds.com\/sv\/wp-json\/wp\/v2\/media\/23527"}],"wp:attachment":[{"href":"https:\/\/topholds.com\/sv\/wp-json\/wp\/v2\/media?parent=23546"}],"wp:term":[{"taxonomy":"product_brand","embeddable":true,"href":"https:\/\/topholds.com\/sv\/wp-json\/wp\/v2\/product_brand?post=23546"},{"taxonomy":"product_cat","embeddable":true,"href":"https:\/\/topholds.com\/sv\/wp-json\/wp\/v2\/product_cat?post=23546"},{"taxonomy":"product_tag","embeddable":true,"href":"https:\/\/topholds.com\/sv\/wp-json\/wp\/v2\/product_tag?post=23546"}],"curies":[{"name":"wp","href":"https:\/\/api.w.org\/{rel}","templated":true}]}}