{"id":23552,"date":"2026-03-27T13:57:00","date_gmt":"2026-03-27T13:57:00","guid":{"rendered":"https:\/\/topholds.com\/oferta\/okategoriserad\/hinderbana-upphangningar-cubic\/"},"modified":"2026-03-27T15:06:46","modified_gmt":"2026-03-27T15:06:46","slug":"cubic","status":"publish","type":"product","link":"https:\/\/topholds.com\/sv\/erbjudande\/hinderbana\/traning\/upphangningar\/cubic\/","title":{"rendered":"Hinderbana Upph\u00e4ngningar Cubic"},"content":{"rendered":"<p><strong>Cubic \u00e4r en kombination av tv\u00e5 greppformer f\u00f6r upph\u00e4ngningar\/drag<\/strong>, m\u00e5ngsidig.<\/p>\n<p>De <em>Cubics upph\u00e4ngningar<\/em> har tv\u00e5 sv\u00e5righetsniv\u00e5er:<\/p>\n<ol>\n<li>Ett plant grepp \u00f6verst, som med repet mellan fingrarna tvingar dig att tr\u00e4na fingrarnas f\u00f6rsta falanger.<\/li>\n<li>Ett nedre grepp. Det \u00e4r ett kr\u00e4vande grepp, t\u00e4nkt att stimulera och \u00f6ka greppstyrkan i pinchgrepp. V\u00e4lj utmaningen som passar dig b\u00e4st!<\/li>\n<\/ol>\n<p>Med perfekt ergonomi f\u00f6r handen och en mjuk textur \u00e4r detta grepp ett utm\u00e4rkt verktyg f\u00f6r <strong>kl\u00e4ttertr\u00e4ning, Hinderbana Tr\u00e4ning eller Crossfit<\/strong>.<\/p>\n<p>Trots sin robusthet \u00e4r dessa grepp l\u00e4tta och perfekta att ha i ryggs\u00e4cken och tr\u00e4na var som helst.<\/p>\n<p>Utrustade med ett dubbelt sn\u00f6re p\u00e5 6 mm erbjuder de flera f\u00f6rdelar:<\/p>\n<ul>\n<li>Det st\u00f6r inte greppet.<\/li>\n<li>De kan enkelt h\u00e4ngas i grenar, armh\u00e4vst\u00e5nger osv., med en alondra knut p\u00e5 bara tre sekunder.<\/li>\n<li>Med ett karabiner kan de h\u00e4ngas upp f\u00f6r tak eller \u00f6verh\u00e4ngsutmaningar.<\/li>\n<\/ul>\n<p>Det finns inga urs\u00e4kter f\u00f6r att inte l\u00e4gga till lite utmaning i din dagliga tr\u00e4ning.<\/p>\n<p>Notera att f\u00e4rgerna p\u00e5 produkten kan avvika fr\u00e5n de som visas p\u00e5 bilden. Om du \u00f6nskar en specifik f\u00e4rg, tveka inte att kontakta oss.<\/p>\n","protected":false},"excerpt":{"rendered":"<ul>\n<li>En m\u00e5ngsidig del f\u00f6r Hinderbana Upph\u00e4ngningar.<\/li>\n<li>Kl\u00e4ttergrepp \u00f6vre eller nedre.<\/li>\n<li>Tv\u00e5 sv\u00e5righetsniv\u00e5er.<\/li>\n<li>L\u00e4mplig f\u00f6r kl\u00e4ttertr\u00e4ning, Hinderbana Tr\u00e4ning eller Crossfit.<\/li>\n<li>Det finns inga st\u00f6rningar i greppet.<\/li>\n<\/ul>\n","protected":false},"featured_media":23520,"comment_status":"open","ping_status":"closed","template":"","meta":[],"product_brand":[],"product_cat":[416,515,517],"product_tag":[],"class_list":{"0":"post-23552","1":"product","2":"type-product","3":"status-publish","4":"has-post-thumbnail","6":"product_cat-hinderbana","7":"product_cat-traning","8":"product_cat-upphangningar","10":"first","11":"instock","12":"sale","13":"taxable","14":"shipping-taxable","15":"purchasable","16":"product-type-simple"},"_links":{"self":[{"href":"https:\/\/topholds.com\/sv\/wp-json\/wp\/v2\/product\/23552","targetHints":{"allow":["GET"]}}],"collection":[{"href":"https:\/\/topholds.com\/sv\/wp-json\/wp\/v2\/product"}],"about":[{"href":"https:\/\/topholds.com\/sv\/wp-json\/wp\/v2\/types\/product"}],"replies":[{"embeddable":true,"href":"https:\/\/topholds.com\/sv\/wp-json\/wp\/v2\/comments?post=23552"}],"wp:featuredmedia":[{"embeddable":true,"href":"https:\/\/topholds.com\/sv\/wp-json\/wp\/v2\/media\/23520"}],"wp:attachment":[{"href":"https:\/\/topholds.com\/sv\/wp-json\/wp\/v2\/media?parent=23552"}],"wp:term":[{"taxonomy":"product_brand","embeddable":true,"href":"https:\/\/topholds.com\/sv\/wp-json\/wp\/v2\/product_brand?post=23552"},{"taxonomy":"product_cat","embeddable":true,"href":"https:\/\/topholds.com\/sv\/wp-json\/wp\/v2\/product_cat?post=23552"},{"taxonomy":"product_tag","embeddable":true,"href":"https:\/\/topholds.com\/sv\/wp-json\/wp\/v2\/product_tag?post=23552"}],"curies":[{"name":"wp","href":"https:\/\/api.w.org\/{rel}","templated":true}]}}